{"id":11,"date":"2025-09-29T15:24:57","date_gmt":"2025-09-29T15:24:57","guid":{"rendered":"https:\/\/diariodeunentrenador.com\/?page_id=11"},"modified":"2025-11-07T13:31:54","modified_gmt":"2025-11-07T13:31:54","slug":"quienes-somos","status":"publish","type":"page","link":"https:\/\/diariodeunentrenador.com\/index.php\/quienes-somos\/","title":{"rendered":"\u00bfQui\u00e9nes somos?"},"content":{"rendered":"\n<p>Diario de un entrenador es una p\u00e1gina web a trav\u00e9s de la cu\u00e1l vas a descubrir una manera diferente de ver el f\u00fatbol, muy alejado de los focos y las grandes salas de prensa hay un mundo en el cu\u00e1l se vive con la misma profesionalidad y ambici\u00f3n pero sin ese gran reconocimiento.<\/p>\n\n\n\n<blockquote class=\"wp-block-quote has-base-color has-contrast-background-color has-text-color has-background has-link-color wp-elements-c7290518a650e50090d6139563b884dc is-layout-flow wp-container-core-quote-is-layout-6303b763 wp-block-quote-is-layout-flow\" style=\"margin-right:0;margin-left:0\">\n<p class=\"has-text-align-left has-base-color has-text-color has-link-color wp-elements-005057659d8fec04086a233a28d991fd\">Aqu\u00ed encontrar\u00e1s un espacio din\u00e1mico y entretenido con el que podr\u00e1s verte reflejado en ciertas experiencias que suceden en el d\u00eda a d\u00eda del entrenador no profesional. <\/p>\n\n\n\n<p>Aunque si que analizaremos situaciones de la \u00e9lite, y obviamente encontraremos una gran ayuda en el camino que han recorrido los grandes entrenadores actuales. Lo que queremos desde est\u00e1 p\u00e1gina es que veas que hay m\u00e1s gente que sufre de tus mismos problemas, y por supuesto, se toma tan enserio esta manera de vivir el deporte.<\/p>\n\n\n\n<p>Creado para los que encuentran en un banquillo de tercera regional, el calor de los focos de un gran estadio.<\/p>\n<\/blockquote>\n\n\n\n<p>En el fondo, <em>Diario de un Entrenador<\/em> no es solo un espacio para hablar de f\u00fatbol, sino para entenderlo desde dentro. Aqu\u00ed caben las victorias y los errores, los d\u00edas de entrenamiento bajo la lluvia y las charlas en el vestuario que marcan m\u00e1s que un gol en el \u00faltimo minuto. Creemos en un f\u00fatbol que ense\u00f1a, que une y que emociona, porque detr\u00e1s de cada historia, cada t\u00e1ctica y cada mirada, hay una lecci\u00f3n que va mucho m\u00e1s all\u00e1 del resultado.<\/p>\n","protected":false},"excerpt":{"rendered":"<p>Diario de un entrenador es una p\u00e1gina web a trav\u00e9s de la cu\u00e1l vas a descubrir una manera diferente de ver el f\u00fatbol, muy alejado de los focos y las grandes salas de prensa hay un mundo en el cu\u00e1l se vive con la misma profesionalidad y ambici\u00f3n pero sin ese gran reconocimiento. Aqu\u00ed encontrar\u00e1s [&hellip;]<\/p>\n","protected":false},"author":1,"featured_media":0,"parent":0,"menu_order":0,"comment_status":"closed","ping_status":"closed","template":"","meta":{"_uag_custom_page_level_css":"","footnotes":""},"class_list":["post-11","page","type-page","status-publish","hentry"],"uagb_featured_image_src":{"full":false,"thumbnail":false,"medium":false,"medium_large":false,"large":false,"1536x1536":false,"2048x2048":false},"uagb_author_info":{"display_name":"admin","author_link":"https:\/\/diariodeunentrenador.com\/author\/admin\/"},"uagb_comment_info":0,"uagb_excerpt":"Diario de un entrenador es una p\u00e1gina web a trav\u00e9s de la cu\u00e1l vas a descubrir una manera diferente de ver el f\u00fatbol, muy alejado de los focos y las grandes salas de prensa hay un mundo en el cu\u00e1l se vive con la misma profesionalidad y ambici\u00f3n pero sin ese gran reconocimiento. Aqu\u00ed encontrar\u00e1s&hellip;","_links":{"self":[{"href":"https:\/\/diariodeunentrenador.com\/index.php\/wp-json\/wp\/v2\/pages\/11","targetHints":{"allow":["GET"]}}],"collection":[{"href":"https:\/\/diariodeunentrenador.com\/index.php\/wp-json\/wp\/v2\/pages"}],"about":[{"href":"https:\/\/diariodeunentrenador.com\/index.php\/wp-json\/wp\/v2\/types\/page"}],"author":[{"embeddable":true,"href":"https:\/\/diariodeunentrenador.com\/index.php\/wp-json\/wp\/v2\/users\/1"}],"replies":[{"embeddable":true,"href":"https:\/\/diariodeunentrenador.com\/index.php\/wp-json\/wp\/v2\/comments?post=11"}],"version-history":[{"count":4,"href":"https:\/\/diariodeunentrenador.com\/index.php\/wp-json\/wp\/v2\/pages\/11\/revisions"}],"predecessor-version":[{"id":489,"href":"https:\/\/diariodeunentrenador.com\/index.php\/wp-json\/wp\/v2\/pages\/11\/revisions\/489"}],"wp:attachment":[{"href":"https:\/\/diariodeunentrenador.com\/index.php\/wp-json\/wp\/v2\/media?parent=11"}],"curies":[{"name":"wp","href":"https:\/\/api.w.org\/{rel}","templated":true}]}}