{"id":13,"date":"2025-09-29T15:26:07","date_gmt":"2025-09-29T15:26:07","guid":{"rendered":"https:\/\/diariodeunentrenador.com\/?page_id=13"},"modified":"2025-11-07T13:37:19","modified_gmt":"2025-11-07T13:37:19","slug":"newsletter","status":"publish","type":"page","link":"https:\/\/diariodeunentrenador.com\/index.php\/newsletter\/","title":{"rendered":"Newsletter"},"content":{"rendered":"\n<p>A partir del <strong>1 de enero<\/strong>, cuando se abra el mercado de fichajes, tambi\u00e9n abriremos una nueva ventana para los que viven el f\u00fatbol m\u00e1s all\u00e1 del resultado.<br>Cada mes recibir\u00e1s una carta escrita con calma, con historias, reflexiones y aprendizajes que nacen del d\u00eda a d\u00eda en el vestuario, de la pizarra y de la vida.<\/p>\n\n\n\n<p>No es una newsletter m\u00e1s: es un lugar donde el f\u00fatbol y las emociones se encuentran, donde entrenadores, jugadores y aficionados pueden pensar el juego desde otro \u00e1ngulo.<\/p>\n\n\n\n<p>Muy pronto tendr\u00e9is m\u00e1s novedades.<\/p>\n\n\n\n<div style=\"height:22px\" aria-hidden=\"true\" class=\"wp-block-spacer\"><\/div>\n\n\n\n<p><strong>Esperando que se habr\u00e1 el mercado de fichajes.<\/strong><\/p>\n\n\n\n<div data-aos= \"flip-down\" data-aos-duration=\"400\" data-aos-delay=\"0\" data-aos-easing=\"ease\" data-aos-once=\"true\" class=\"wp-block-uagb-countdown uagb-block-ac0ff439\"><div class=\"wp-block-uagb-countdown__box wp-block-uagb-countdown__box-days\"><div role=\"timer\" aria-live=\"off\" class=\"wp-block-uagb-countdown__time wp-block-uagb-countdown__time-days\">&#8211;<\/div><div class=\"wp-block-uagb-countdown__label\">D\u00cdAS<\/div><\/div><div class=\"wp-block-uagb-countdown__box wp-block-uagb-countdown__box-hours\"><div role=\"timer\" aria-live=\"off\" class=\"wp-block-uagb-countdown__time wp-block-uagb-countdown__time-hours\">&#8211;<\/div><div class=\"wp-block-uagb-countdown__label\">HORAS<\/div><\/div><div class=\"wp-block-uagb-countdown__box wp-block-uagb-countdown__box-minutes\"><div role=\"timer\" aria-live=\"off\" class=\"wp-block-uagb-countdown__time wp-block-uagb-countdown__time-minutes\">&#8211;<\/div><div class=\"wp-block-uagb-countdown__label\">MINUTOS<\/div><\/div><div class=\"wp-block-uagb-countdown__box wp-block-uagb-countdown__box-seconds\"><div role=\"timer\" aria-live=\"off\" class=\"wp-block-uagb-countdown__time wp-block-uagb-countdown__time-seconds\">&#8211;<\/div><div class=\"wp-block-uagb-countdown__label\">SEGUNDOS<\/div><\/div><\/div>\n","protected":false},"excerpt":{"rendered":"<p>A partir del 1 de enero, cuando se abra el mercado de fichajes, tambi\u00e9n abriremos una nueva ventana para los que viven el f\u00fatbol m\u00e1s all\u00e1 del resultado.Cada mes recibir\u00e1s una carta escrita con calma, con historias, reflexiones y aprendizajes que nacen del d\u00eda a d\u00eda en el vestuario, de la pizarra y de la [&hellip;]<\/p>\n","protected":false},"author":1,"featured_media":0,"parent":0,"menu_order":0,"comment_status":"closed","ping_status":"closed","template":"","meta":{"_uag_custom_page_level_css":"","footnotes":""},"class_list":["post-13","page","type-page","status-publish","hentry"],"uagb_featured_image_src":{"full":false,"thumbnail":false,"medium":false,"medium_large":false,"large":false,"1536x1536":false,"2048x2048":false},"uagb_author_info":{"display_name":"admin","author_link":"https:\/\/diariodeunentrenador.com\/author\/admin\/"},"uagb_comment_info":0,"uagb_excerpt":"A partir del 1 de enero, cuando se abra el mercado de fichajes, tambi\u00e9n abriremos una nueva ventana para los que viven el f\u00fatbol m\u00e1s all\u00e1 del resultado.Cada mes recibir\u00e1s una carta escrita con calma, con historias, reflexiones y aprendizajes que nacen del d\u00eda a d\u00eda en el vestuario, de la pizarra y de la&hellip;","_links":{"self":[{"href":"https:\/\/diariodeunentrenador.com\/index.php\/wp-json\/wp\/v2\/pages\/13","targetHints":{"allow":["GET"]}}],"collection":[{"href":"https:\/\/diariodeunentrenador.com\/index.php\/wp-json\/wp\/v2\/pages"}],"about":[{"href":"https:\/\/diariodeunentrenador.com\/index.php\/wp-json\/wp\/v2\/types\/page"}],"author":[{"embeddable":true,"href":"https:\/\/diariodeunentrenador.com\/index.php\/wp-json\/wp\/v2\/users\/1"}],"replies":[{"embeddable":true,"href":"https:\/\/diariodeunentrenador.com\/index.php\/wp-json\/wp\/v2\/comments?post=13"}],"version-history":[{"count":5,"href":"https:\/\/diariodeunentrenador.com\/index.php\/wp-json\/wp\/v2\/pages\/13\/revisions"}],"predecessor-version":[{"id":493,"href":"https:\/\/diariodeunentrenador.com\/index.php\/wp-json\/wp\/v2\/pages\/13\/revisions\/493"}],"wp:attachment":[{"href":"https:\/\/diariodeunentrenador.com\/index.php\/wp-json\/wp\/v2\/media?parent=13"}],"curies":[{"name":"wp","href":"https:\/\/api.w.org\/{rel}","templated":true}]}}