{"id":471,"date":"2025-11-07T13:12:27","date_gmt":"2025-11-07T13:12:27","guid":{"rendered":"https:\/\/diariodeunentrenador.com\/?page_id=471"},"modified":"2025-11-07T13:25:50","modified_gmt":"2025-11-07T13:25:50","slug":"charlas-de-vestuario","status":"publish","type":"page","link":"https:\/\/diariodeunentrenador.com\/index.php\/charlas-de-vestuario\/","title":{"rendered":"Charlas de vestuario"},"content":{"rendered":"<ul class=\"wp-block-latest-posts__list wp-block-latest-posts\"><li><div class=\"wp-block-latest-posts__featured-image\"><a href=\"https:\/\/diariodeunentrenador.com\/index.php\/2025\/11\/06\/tres-lecciones-del-football-manager\/\" aria-label=\"Tres lecciones del Football Manager\"><img loading=\"lazy\" decoding=\"async\" width=\"1024\" height=\"575\" src=\"https:\/\/diariodeunentrenador.com\/wp-content\/uploads\/2025\/11\/test-1024x575.png\" class=\"attachment-large size-large wp-post-image\" alt=\"Un entrenador coge a un jugador en un estadio\" style=\"\" srcset=\"https:\/\/diariodeunentrenador.com\/wp-content\/uploads\/2025\/11\/test-1024x575.png 1024w, https:\/\/diariodeunentrenador.com\/wp-content\/uploads\/2025\/11\/test-300x168.png 300w, https:\/\/diariodeunentrenador.com\/wp-content\/uploads\/2025\/11\/test-768x431.png 768w, https:\/\/diariodeunentrenador.com\/wp-content\/uploads\/2025\/11\/test.png 1399w\" sizes=\"auto, (max-width: 1024px) 100vw, 1024px\" \/><\/a><\/div><a class=\"wp-block-latest-posts__post-title\" href=\"https:\/\/diariodeunentrenador.com\/index.php\/2025\/11\/06\/tres-lecciones-del-football-manager\/\">Tres lecciones del Football Manager<\/a><div class=\"wp-block-latest-posts__post-excerpt\">Los videojuegos nos acercan m\u00e1s de lo que creemos a nuestra experiencia en los banquillos, y es que Football Manager nos aporta grandes conocimientos para aportar en nuestro d\u00eda a d\u00eda.<\/div><\/li>\n<li><div class=\"wp-block-latest-posts__featured-image\"><a href=\"https:\/\/diariodeunentrenador.com\/index.php\/2025\/11\/06\/ted-lasso-el-significado-de-creer\/\" aria-label=\"Ted Lasso, el significado de creer\"><img loading=\"lazy\" decoding=\"async\" width=\"1024\" height=\"640\" src=\"https:\/\/diariodeunentrenador.com\/wp-content\/uploads\/2025\/11\/TedLasso-1024x640.webp\" class=\"attachment-large size-large wp-post-image\" alt=\"Cartel de BELIEVE\" style=\"\" srcset=\"https:\/\/diariodeunentrenador.com\/wp-content\/uploads\/2025\/11\/TedLasso-1024x640.webp 1024w, https:\/\/diariodeunentrenador.com\/wp-content\/uploads\/2025\/11\/TedLasso-300x188.webp 300w, https:\/\/diariodeunentrenador.com\/wp-content\/uploads\/2025\/11\/TedLasso-768x480.webp 768w, https:\/\/diariodeunentrenador.com\/wp-content\/uploads\/2025\/11\/TedLasso.webp 1440w\" sizes=\"auto, (max-width: 1024px) 100vw, 1024px\" \/><\/a><\/div><a class=\"wp-block-latest-posts__post-title\" href=\"https:\/\/diariodeunentrenador.com\/index.php\/2025\/11\/06\/ted-lasso-el-significado-de-creer\/\">Ted Lasso, el significado de creer<\/a><div class=\"wp-block-latest-posts__post-excerpt\">La famosa serie nos recuerda que a veces hay que pararse en seco, dejar de tomarse todo tan enserio, y disfrutar del momento, Believe simplemente represente todo eso.<\/div><\/li>\n<li><div class=\"wp-block-latest-posts__featured-image\"><a href=\"https:\/\/diariodeunentrenador.com\/index.php\/2025\/11\/06\/la-diversion-y-el-futbol-de-la-infancia\/\" aria-label=\"La diversi\u00f3n y el f\u00fatbol de la infancia\"><img loading=\"lazy\" decoding=\"async\" width=\"1024\" height=\"683\" src=\"https:\/\/diariodeunentrenador.com\/wp-content\/uploads\/2025\/11\/photo-1510566337590-2fc1f21d0faa-1024x683.jpg\" class=\"attachment-large size-large wp-post-image\" alt=\"dos chicos juegan en la calle con un bal\u00f3n\" style=\"\" srcset=\"https:\/\/diariodeunentrenador.com\/wp-content\/uploads\/2025\/11\/photo-1510566337590-2fc1f21d0faa-1024x683.jpg 1024w, https:\/\/diariodeunentrenador.com\/wp-content\/uploads\/2025\/11\/photo-1510566337590-2fc1f21d0faa-300x200.jpg 300w, https:\/\/diariodeunentrenador.com\/wp-content\/uploads\/2025\/11\/photo-1510566337590-2fc1f21d0faa-768x512.jpg 768w, https:\/\/diariodeunentrenador.com\/wp-content\/uploads\/2025\/11\/photo-1510566337590-2fc1f21d0faa-1536x1024.jpg 1536w, https:\/\/diariodeunentrenador.com\/wp-content\/uploads\/2025\/11\/photo-1510566337590-2fc1f21d0faa-2048x1365.jpg 2048w\" sizes=\"auto, (max-width: 1024px) 100vw, 1024px\" \/><\/a><\/div><a class=\"wp-block-latest-posts__post-title\" href=\"https:\/\/diariodeunentrenador.com\/index.php\/2025\/11\/06\/la-diversion-y-el-futbol-de-la-infancia\/\">La diversi\u00f3n y el f\u00fatbol de la infancia<\/a><div class=\"wp-block-latest-posts__post-excerpt\">Hace a\u00f1os que la profesionalidad del f\u00fatbol est\u00e1 llegando a las categor\u00edas m\u00e1s bajas, y es que a veces nos ponemos nost\u00e1lgicos y nos acordamos de aquellos gloriosos a\u00f1os.<\/div><\/li>\n<li><div class=\"wp-block-latest-posts__featured-image\"><a href=\"https:\/\/diariodeunentrenador.com\/index.php\/2025\/11\/06\/el-luton-town-y-los-descensos\/\" aria-label=\"El Luton Town y los descensos\"><img loading=\"lazy\" decoding=\"async\" width=\"600\" height=\"399\" src=\"https:\/\/diariodeunentrenador.com\/wp-content\/uploads\/2025\/11\/depositphotos_609754762-stock-photo-luton-town-football-club-aerial.webp\" class=\"attachment-large size-large wp-post-image\" alt=\"Campo de F\u00fatbol del Luton Town\" style=\"\" srcset=\"https:\/\/diariodeunentrenador.com\/wp-content\/uploads\/2025\/11\/depositphotos_609754762-stock-photo-luton-town-football-club-aerial.webp 600w, https:\/\/diariodeunentrenador.com\/wp-content\/uploads\/2025\/11\/depositphotos_609754762-stock-photo-luton-town-football-club-aerial-300x200.webp 300w\" sizes=\"auto, (max-width: 600px) 100vw, 600px\" \/><\/a><\/div><a class=\"wp-block-latest-posts__post-title\" href=\"https:\/\/diariodeunentrenador.com\/index.php\/2025\/11\/06\/el-luton-town-y-los-descensos\/\">El Luton Town y los descensos<\/a><div class=\"wp-block-latest-posts__post-excerpt\">El Luton Town consigui\u00f3 una gesta hist\u00f3rica llegando a la Premier League, pero tambi\u00e9n conoci\u00f3 la cara opuesta al caer a la League One en apenas dos a\u00f1os.<\/div><\/li>\n<li><div class=\"wp-block-latest-posts__featured-image\"><a href=\"https:\/\/diariodeunentrenador.com\/index.php\/2025\/11\/06\/valverde-y-las-posiciones\/\" aria-label=\"Valverde y las posiciones\"><img loading=\"lazy\" decoding=\"async\" width=\"1024\" height=\"553\" src=\"https:\/\/diariodeunentrenador.com\/wp-content\/uploads\/2025\/11\/valverde-champions-arbitros-ROxtfLz28D0ZJoCabCfYeWP-1200x648@Relevo-1024x553.webp\" class=\"attachment-large size-large wp-post-image\" alt=\"Federico Valverde en rueda de prensa\" style=\"\" srcset=\"https:\/\/diariodeunentrenador.com\/wp-content\/uploads\/2025\/11\/valverde-champions-arbitros-ROxtfLz28D0ZJoCabCfYeWP-1200x648@Relevo-1024x553.webp 1024w, https:\/\/diariodeunentrenador.com\/wp-content\/uploads\/2025\/11\/valverde-champions-arbitros-ROxtfLz28D0ZJoCabCfYeWP-1200x648@Relevo-300x162.webp 300w, https:\/\/diariodeunentrenador.com\/wp-content\/uploads\/2025\/11\/valverde-champions-arbitros-ROxtfLz28D0ZJoCabCfYeWP-1200x648@Relevo-768x415.webp 768w, https:\/\/diariodeunentrenador.com\/wp-content\/uploads\/2025\/11\/valverde-champions-arbitros-ROxtfLz28D0ZJoCabCfYeWP-1200x648@Relevo.webp 1200w\" sizes=\"auto, (max-width: 1024px) 100vw, 1024px\" \/><\/a><\/div><a class=\"wp-block-latest-posts__post-title\" href=\"https:\/\/diariodeunentrenador.com\/index.php\/2025\/11\/06\/valverde-y-las-posiciones\/\">Valverde y las posiciones<\/a><div class=\"wp-block-latest-posts__post-excerpt\">Las complicaciones que ha tenido Valverde con su puesto en el campo, nos situa mucho m\u00e1s cerca de lo que pensamos del f\u00fatbol profesional.<\/div><\/li>\n<\/ul>","protected":false},"excerpt":{"rendered":"","protected":false},"author":1,"featured_media":0,"parent":0,"menu_order":0,"comment_status":"closed","ping_status":"closed","template":"","meta":{"_uag_custom_page_level_css":"","footnotes":""},"class_list":["post-471","page","type-page","status-publish","hentry"],"uagb_featured_image_src":{"full":false,"thumbnail":false,"medium":false,"medium_large":false,"large":false,"1536x1536":false,"2048x2048":false},"uagb_author_info":{"display_name":"admin","author_link":"https:\/\/diariodeunentrenador.com\/author\/admin\/"},"uagb_comment_info":0,"uagb_excerpt":null,"_links":{"self":[{"href":"https:\/\/diariodeunentrenador.com\/index.php\/wp-json\/wp\/v2\/pages\/471","targetHints":{"allow":["GET"]}}],"collection":[{"href":"https:\/\/diariodeunentrenador.com\/index.php\/wp-json\/wp\/v2\/pages"}],"about":[{"href":"https:\/\/diariodeunentrenador.com\/index.php\/wp-json\/wp\/v2\/types\/page"}],"author":[{"embeddable":true,"href":"https:\/\/diariodeunentrenador.com\/index.php\/wp-json\/wp\/v2\/users\/1"}],"replies":[{"embeddable":true,"href":"https:\/\/diariodeunentrenador.com\/index.php\/wp-json\/wp\/v2\/comments?post=471"}],"version-history":[{"count":3,"href":"https:\/\/diariodeunentrenador.com\/index.php\/wp-json\/wp\/v2\/pages\/471\/revisions"}],"predecessor-version":[{"id":485,"href":"https:\/\/diariodeunentrenador.com\/index.php\/wp-json\/wp\/v2\/pages\/471\/revisions\/485"}],"wp:attachment":[{"href":"https:\/\/diariodeunentrenador.com\/index.php\/wp-json\/wp\/v2\/media?parent=471"}],"curies":[{"name":"wp","href":"https:\/\/api.w.org\/{rel}","templated":true}]}}